{"id":9703,"date":"2025-06-02T16:20:03","date_gmt":"2025-06-02T14:20:03","guid":{"rendered":"http:\/\/mabelcapital.ddoers.com\/real-estate\/"},"modified":"2026-03-27T10:23:42","modified_gmt":"2026-03-27T09:23:42","slug":"real-estate","status":"publish","type":"page","link":"http:\/\/mabelcapital.ddoers.com\/es\/real-estate\/","title":{"rendered":"Real Estate"},"content":{"rendered":"<section class=\"l-section wpb_row height_auto full_height valign_bottom width_full color_primary with_img\"><div class=\"l-section-img\" role=\"img\" data-img-width=\"1920\" data-img-height=\"1072\" style=\"background-image: url(http:\/\/mabelcapital.ddoers.com\/wp-content\/uploads\/2026\/02\/MabelCapital-RealEstate-Cabecera-2.jpg);background-position: bottom center;background-repeat: no-repeat;\"><\/div><div class=\"l-section-overlay\" style=\"background:rgba(0,0,0,0.08)\"><\/div><div class=\"l-section-h i-cf\"><div class=\"g-cols vc_row via_grid cols_1 laptops-cols_inherit tablets-cols_inherit mobiles-cols_1 valign_top type_default stacking_default\"><div class=\"wpb_column vc_column_container\"><div class=\"vc_column-inner\"><div class=\"g-cols wpb_row us_custom_d0446fc2 via_grid cols_1 laptops-cols_inherit tablets-cols_inherit mobiles-cols_1 valign_bottom type_default stacking_default\" style=\"--gap:3rem;\"><div class=\"wpb_column vc_column_container\"><div class=\"vc_column-inner\"><h1 class=\"w-text us_custom_fe7914ee\"><span class=\"w-text-h\"><span class=\"w-text-value\">MABEL REAL ESTATE<\/span><\/span><\/h1><div class=\"w-image align_center\"><div class=\"w-image-h\"><img decoding=\"async\" width=\"20\" height=\"11\" src=\"http:\/\/mabelcapital.ddoers.com\/wp-content\/uploads\/2025\/06\/arrow-right.png\" class=\"attachment-large size-large\" alt=\"\" loading=\"lazy\" \/><\/div><\/div><\/div><\/div><\/div><\/div><\/div><\/div><\/div><\/section><section class=\"l-section wpb_row height_auto width_full\"><div class=\"l-section-h i-cf\"><div class=\"g-cols vc_row via_grid cols_1 laptops-cols_inherit tablets-cols_inherit mobiles-cols_1 valign_top type_default stacking_default\"><div class=\"wpb_column vc_column_container\"><div class=\"vc_column-inner\"><div class=\"w-separator size_large\"><\/div><h2 class=\"w-text us_custom_4718095c\"><span class=\"w-text-h\"><span class=\"w-text-value\">REDEFINIENDO EL LUJO Y LA EXCLUSIVIDAD<\/span><\/span><\/h2><div class=\"wpb_text_column us_custom_e112f92b\"><div class=\"wpb_wrapper\"><p>MABEL Real Estate transforma espacios excepcionales en experiencias \u00fanicas,<br \/>\ndonde la elegancia y la innovaci\u00f3n se unen.<\/p>\n<\/div><\/div><div class=\"w-separator size_custom\" style=\"height:7rem\"><\/div><\/div><\/div><\/div><\/div><\/section><section class=\"l-section wpb_row height_auto width_full\"><div class=\"l-section-h i-cf\"><div class=\"g-cols vc_row via_grid cols_1 laptops-cols_inherit tablets-cols_inherit mobiles-cols_1 valign_top type_default stacking_default\"><div class=\"wpb_column vc_column_container\"><div class=\"vc_column-inner\"><div class=\"w-image us_custom_0f48b575 align_center\"><div class=\"w-image-h\"><img decoding=\"async\" width=\"689\" height=\"162\" src=\"http:\/\/mabelcapital.ddoers.com\/wp-content\/uploads\/2026\/03\/MabelCapital-RealEstate-Current-Projects.png\" class=\"attachment-full size-full\" alt=\"\" loading=\"lazy\" srcset=\"http:\/\/mabelcapital.ddoers.com\/wp-content\/uploads\/2026\/03\/MabelCapital-RealEstate-Current-Projects.png 689w, http:\/\/mabelcapital.ddoers.com\/wp-content\/uploads\/2026\/03\/MabelCapital-RealEstate-Current-Projects-300x71.png 300w, http:\/\/mabelcapital.ddoers.com\/wp-content\/uploads\/2026\/03\/MabelCapital-RealEstate-Current-Projects-200x47.png 200w, http:\/\/mabelcapital.ddoers.com\/wp-content\/uploads\/2026\/03\/MabelCapital-RealEstate-Current-Projects-100x24.png 100w, http:\/\/mabelcapital.ddoers.com\/wp-content\/uploads\/2026\/03\/MabelCapital-RealEstate-Current-Projects-190x45.png 190w\" sizes=\"auto, (max-width: 689px) 100vw, 689px\" \/><\/div><\/div><div class=\"w-separator us_custom_87c7ad81 size_custom with_line width_default thick_1 style_solid color_primary align_center\" style=\"height:2px\"><div class=\"w-separator-h\"><\/div><\/div><div class=\"w-separator size_custom\" style=\"height:7rem\"><\/div><div class=\"g-cols wpb_row via_grid cols_1 laptops-cols_inherit tablets-cols_inherit mobiles-cols_1 valign_top type_default stacking_default\" style=\"--gap:3rem;\" id=\"mabel-residences\"><div class=\"wpb_column vc_column_container\"><div class=\"vc_column-inner\"><div class=\"w-image us_custom_2af0019e align_center\"><div class=\"w-image-h\"><img decoding=\"async\" width=\"596\" height=\"382\" src=\"http:\/\/mabelcapital.ddoers.com\/wp-content\/uploads\/2026\/03\/MabelCapital-RealEstate-Mabel-Residences.png\" class=\"attachment-full size-full\" alt=\"\" loading=\"lazy\" srcset=\"http:\/\/mabelcapital.ddoers.com\/wp-content\/uploads\/2026\/03\/MabelCapital-RealEstate-Mabel-Residences.png 596w, http:\/\/mabelcapital.ddoers.com\/wp-content\/uploads\/2026\/03\/MabelCapital-RealEstate-Mabel-Residences-300x192.png 300w, http:\/\/mabelcapital.ddoers.com\/wp-content\/uploads\/2026\/03\/MabelCapital-RealEstate-Mabel-Residences-200x128.png 200w, http:\/\/mabelcapital.ddoers.com\/wp-content\/uploads\/2026\/03\/MabelCapital-RealEstate-Mabel-Residences-100x64.png 100w, http:\/\/mabelcapital.ddoers.com\/wp-content\/uploads\/2026\/03\/MabelCapital-RealEstate-Mabel-Residences-190x122.png 190w\" sizes=\"auto, (max-width: 596px) 100vw, 596px\" \/><\/div><\/div><div class=\"w-separator size_custom\" style=\"height:4rem\"><\/div><div class=\"w-image us_custom_80be3626 align_center\"><div class=\"w-image-h\"><img decoding=\"async\" width=\"1920\" height=\"922\" src=\"http:\/\/mabelcapital.ddoers.com\/wp-content\/uploads\/2026\/03\/MabelCapital-RealEstate-Mabel-Marbella-foto-1.jpg\" class=\"attachment-full size-full\" alt=\"\" loading=\"lazy\" srcset=\"http:\/\/mabelcapital.ddoers.com\/wp-content\/uploads\/2026\/03\/MabelCapital-RealEstate-Mabel-Marbella-foto-1.jpg 1920w, http:\/\/mabelcapital.ddoers.com\/wp-content\/uploads\/2026\/03\/MabelCapital-RealEstate-Mabel-Marbella-foto-1-300x144.jpg 300w, http:\/\/mabelcapital.ddoers.com\/wp-content\/uploads\/2026\/03\/MabelCapital-RealEstate-Mabel-Marbella-foto-1-1024x492.jpg 1024w, http:\/\/mabelcapital.ddoers.com\/wp-content\/uploads\/2026\/03\/MabelCapital-RealEstate-Mabel-Marbella-foto-1-200x96.jpg 200w, http:\/\/mabelcapital.ddoers.com\/wp-content\/uploads\/2026\/03\/MabelCapital-RealEstate-Mabel-Marbella-foto-1-100x48.jpg 100w, http:\/\/mabelcapital.ddoers.com\/wp-content\/uploads\/2026\/03\/MabelCapital-RealEstate-Mabel-Marbella-foto-1-190x91.jpg 190w\" sizes=\"auto, (max-width: 1920px) 100vw, 1920px\" \/><\/div><\/div><div class=\"w-separator size_custom\" style=\"height:7rem\"><\/div><\/div><\/div><\/div><\/div><\/div><\/div><\/div><\/section><section class=\"l-section wpb_row height_auto width_full\"><div class=\"l-section-h i-cf\"><div class=\"g-cols vc_row via_grid cols_1 laptops-cols_inherit tablets-cols_inherit mobiles-cols_1 valign_top type_default stacking_default\"><div class=\"wpb_column vc_column_container\"><div class=\"vc_column-inner\"><div class=\"w-image us_custom_0f48b575 align_center\"><div class=\"w-image-h\"><img decoding=\"async\" width=\"729\" height=\"172\" src=\"http:\/\/mabelcapital.ddoers.com\/wp-content\/uploads\/2026\/03\/MabelCapital-RealEstate-Previous-Projects.png\" class=\"attachment-full size-full\" alt=\"\" loading=\"lazy\" srcset=\"http:\/\/mabelcapital.ddoers.com\/wp-content\/uploads\/2026\/03\/MabelCapital-RealEstate-Previous-Projects.png 729w, http:\/\/mabelcapital.ddoers.com\/wp-content\/uploads\/2026\/03\/MabelCapital-RealEstate-Previous-Projects-300x71.png 300w, http:\/\/mabelcapital.ddoers.com\/wp-content\/uploads\/2026\/03\/MabelCapital-RealEstate-Previous-Projects-200x47.png 200w, http:\/\/mabelcapital.ddoers.com\/wp-content\/uploads\/2026\/03\/MabelCapital-RealEstate-Previous-Projects-100x24.png 100w, http:\/\/mabelcapital.ddoers.com\/wp-content\/uploads\/2026\/03\/MabelCapital-RealEstate-Previous-Projects-190x45.png 190w\" sizes=\"auto, (max-width: 729px) 100vw, 729px\" \/><\/div><\/div><div class=\"w-separator us_custom_87c7ad81 size_custom with_line width_default thick_1 style_solid color_primary align_center\" style=\"height:2px\"><div class=\"w-separator-h\"><\/div><\/div><div class=\"w-separator size_custom\" style=\"height:7rem\"><\/div><div class=\"g-cols wpb_row via_grid cols_1 laptops-cols_inherit tablets-cols_inherit mobiles-cols_1 valign_top type_default stacking_default\" style=\"--gap:3rem;\" id=\"villa-de-paris\"><div class=\"wpb_column vc_column_container\"><div class=\"vc_column-inner\"><div class=\"w-image us_custom_2af0019e align_center\"><div class=\"w-image-h\"><img decoding=\"async\" width=\"708\" height=\"382\" src=\"http:\/\/mabelcapital.ddoers.com\/wp-content\/uploads\/2025\/06\/MabelCapital-RealEstate-VilladeParis.png\" class=\"attachment-full size-full\" alt=\"\" loading=\"lazy\" srcset=\"http:\/\/mabelcapital.ddoers.com\/wp-content\/uploads\/2025\/06\/MabelCapital-RealEstate-VilladeParis.png 708w, http:\/\/mabelcapital.ddoers.com\/wp-content\/uploads\/2025\/06\/MabelCapital-RealEstate-VilladeParis-300x162.png 300w, http:\/\/mabelcapital.ddoers.com\/wp-content\/uploads\/2025\/06\/MabelCapital-RealEstate-VilladeParis-200x108.png 200w, http:\/\/mabelcapital.ddoers.com\/wp-content\/uploads\/2025\/06\/MabelCapital-RealEstate-VilladeParis-100x54.png 100w, http:\/\/mabelcapital.ddoers.com\/wp-content\/uploads\/2025\/06\/MabelCapital-RealEstate-VilladeParis-190x103.png 190w\" sizes=\"auto, (max-width: 708px) 100vw, 708px\" \/><\/div><\/div><div class=\"w-separator size_custom\" style=\"height:4rem\"><\/div><div class=\"wpb_text_column us_custom_dd1ef1d8\"><div class=\"wpb_wrapper\"><p>Proyecto residencial de apartamentos de ultra lujo en un edificio de 1889 ubicado en la Plaza de la Villa de Par\u00eds.<br \/>\nUn proyecto \u00fanico en la capital por su ubicaci\u00f3n privilegiada y la elegancia atemporal de sus viviendas.<br \/>\nConsiderado el desarrollo m\u00e1s exclusivo de Espa\u00f1a.<\/p>\n<\/div><\/div><div class=\"w-separator size_custom\" style=\"height:4rem\"><\/div><div class=\"w-video us_custom_d9962c96 align_none ratio_16x9 with_overlay\" id=\"VideoRealEstate\" style=\"background-image:url(http:\/\/mabelcapital.ddoers.com\/wp-content\/uploads\/2026\/03\/MabelCapital-Real-Estate-Cabecera-3.jpg);\" onclick=\"return {&quot;player_html&quot;:&quot;&lt;video  preload=\\&quot;none\\&quot; playsinline autoplay muted&gt;&lt;source type=\\&quot;video\\\/mp4\\&quot; src=\\&quot;http:\\\/\\\/mabelcapital.ddoers.com\\\/wp-content\\\/uploads\\\/2026\\\/03\\\/MabelCapital-Real-Estate.mp4\\&quot; \\\/&gt;&lt;\\\/video&gt;&quot;}\"><div class=\"w-video-h\"><video  preload=\"none\" playsinline autoplay muted><source type=\"video\/mp4\" src=\"http:\/\/mabelcapital.ddoers.com\/wp-content\/uploads\/2026\/03\/MabelCapital-Real-Estate.mp4\" \/><\/video><\/div><div class=\"w-video-icon\" style=\"font-size:1.5rem;background:rgba(0,0,0,0.5);color:#ffffff\"><\/div><\/div><div class=\"w-separator size_custom\" style=\"height:7rem\"><\/div><\/div><\/div><\/div><div class=\"g-cols wpb_row via_grid cols_1 laptops-cols_inherit tablets-cols_inherit mobiles-cols_1 valign_top type_default stacking_default\" style=\"--gap:3rem;\" id=\"casa-de-mar\"><div class=\"wpb_column vc_column_container\"><div class=\"vc_column-inner\"><div class=\"w-image us_custom_2af0019e align_center\"><div class=\"w-image-h\"><img decoding=\"async\" width=\"628\" height=\"382\" src=\"http:\/\/mabelcapital.ddoers.com\/wp-content\/uploads\/2025\/06\/MabelCapital-RealEstate-CasadeMar.png\" class=\"attachment-full size-full\" alt=\"\" loading=\"lazy\" srcset=\"http:\/\/mabelcapital.ddoers.com\/wp-content\/uploads\/2025\/06\/MabelCapital-RealEstate-CasadeMar.png 628w, http:\/\/mabelcapital.ddoers.com\/wp-content\/uploads\/2025\/06\/MabelCapital-RealEstate-CasadeMar-300x182.png 300w, http:\/\/mabelcapital.ddoers.com\/wp-content\/uploads\/2025\/06\/MabelCapital-RealEstate-CasadeMar-200x122.png 200w, http:\/\/mabelcapital.ddoers.com\/wp-content\/uploads\/2025\/06\/MabelCapital-RealEstate-CasadeMar-100x61.png 100w, http:\/\/mabelcapital.ddoers.com\/wp-content\/uploads\/2025\/06\/MabelCapital-RealEstate-CasadeMar-190x116.png 190w\" sizes=\"auto, (max-width: 628px) 100vw, 628px\" \/><\/div><\/div><div class=\"w-separator size_custom\" style=\"height:4rem\"><\/div><div class=\"w-image us_custom_80be3626 align_center\"><div class=\"w-image-h\"><img decoding=\"async\" width=\"1651\" height=\"792\" src=\"http:\/\/mabelcapital.ddoers.com\/wp-content\/uploads\/2026\/03\/MabelCapital-RealEstate-Mabel-Casa-de-Mar-foto.jpg\" class=\"attachment-full size-full\" alt=\"\" loading=\"lazy\" srcset=\"http:\/\/mabelcapital.ddoers.com\/wp-content\/uploads\/2026\/03\/MabelCapital-RealEstate-Mabel-Casa-de-Mar-foto.jpg 1651w, http:\/\/mabelcapital.ddoers.com\/wp-content\/uploads\/2026\/03\/MabelCapital-RealEstate-Mabel-Casa-de-Mar-foto-300x144.jpg 300w, http:\/\/mabelcapital.ddoers.com\/wp-content\/uploads\/2026\/03\/MabelCapital-RealEstate-Mabel-Casa-de-Mar-foto-1024x491.jpg 1024w, http:\/\/mabelcapital.ddoers.com\/wp-content\/uploads\/2026\/03\/MabelCapital-RealEstate-Mabel-Casa-de-Mar-foto-200x96.jpg 200w, http:\/\/mabelcapital.ddoers.com\/wp-content\/uploads\/2026\/03\/MabelCapital-RealEstate-Mabel-Casa-de-Mar-foto-100x48.jpg 100w, http:\/\/mabelcapital.ddoers.com\/wp-content\/uploads\/2026\/03\/MabelCapital-RealEstate-Mabel-Casa-de-Mar-foto-190x91.jpg 190w\" sizes=\"auto, (max-width: 1651px) 100vw, 1651px\" \/><\/div><\/div><div class=\"w-separator size_custom\" style=\"height:7rem\"><\/div><\/div><\/div><\/div><div class=\"g-cols wpb_row via_grid cols_1 laptops-cols_inherit tablets-cols_inherit mobiles-cols_1 valign_top type_default stacking_default\" style=\"--gap:3rem;\" id=\"rossio-lisboa\"><div class=\"wpb_column vc_column_container\"><div class=\"vc_column-inner\"><div class=\"w-image us_custom_2af0019e align_center\"><div class=\"w-image-h\"><img decoding=\"async\" width=\"344\" height=\"382\" src=\"http:\/\/mabelcapital.ddoers.com\/wp-content\/uploads\/2026\/03\/MabelCapital-RealEstate-Mabel-Rossio-Lisboa.png\" class=\"attachment-full size-full\" alt=\"\" loading=\"lazy\" srcset=\"http:\/\/mabelcapital.ddoers.com\/wp-content\/uploads\/2026\/03\/MabelCapital-RealEstate-Mabel-Rossio-Lisboa.png 344w, http:\/\/mabelcapital.ddoers.com\/wp-content\/uploads\/2026\/03\/MabelCapital-RealEstate-Mabel-Rossio-Lisboa-270x300.png 270w, http:\/\/mabelcapital.ddoers.com\/wp-content\/uploads\/2026\/03\/MabelCapital-RealEstate-Mabel-Rossio-Lisboa-176x195.png 176w, http:\/\/mabelcapital.ddoers.com\/wp-content\/uploads\/2026\/03\/MabelCapital-RealEstate-Mabel-Rossio-Lisboa-90x100.png 90w, http:\/\/mabelcapital.ddoers.com\/wp-content\/uploads\/2026\/03\/MabelCapital-RealEstate-Mabel-Rossio-Lisboa-135x150.png 135w\" sizes=\"auto, (max-width: 344px) 100vw, 344px\" \/><\/div><\/div><div class=\"w-separator size_custom\" style=\"height:4rem\"><\/div><div class=\"w-image us_custom_80be3626 align_center\"><div class=\"w-image-h\"><img decoding=\"async\" width=\"1920\" height=\"922\" src=\"http:\/\/mabelcapital.ddoers.com\/wp-content\/uploads\/2026\/03\/MabelCapital-RealEstate-Mabel-Lisboa-foto.jpg\" class=\"attachment-full size-full\" alt=\"\" loading=\"lazy\" srcset=\"http:\/\/mabelcapital.ddoers.com\/wp-content\/uploads\/2026\/03\/MabelCapital-RealEstate-Mabel-Lisboa-foto.jpg 1920w, http:\/\/mabelcapital.ddoers.com\/wp-content\/uploads\/2026\/03\/MabelCapital-RealEstate-Mabel-Lisboa-foto-300x144.jpg 300w, http:\/\/mabelcapital.ddoers.com\/wp-content\/uploads\/2026\/03\/MabelCapital-RealEstate-Mabel-Lisboa-foto-1024x492.jpg 1024w, http:\/\/mabelcapital.ddoers.com\/wp-content\/uploads\/2026\/03\/MabelCapital-RealEstate-Mabel-Lisboa-foto-200x96.jpg 200w, http:\/\/mabelcapital.ddoers.com\/wp-content\/uploads\/2026\/03\/MabelCapital-RealEstate-Mabel-Lisboa-foto-100x48.jpg 100w, http:\/\/mabelcapital.ddoers.com\/wp-content\/uploads\/2026\/03\/MabelCapital-RealEstate-Mabel-Lisboa-foto-190x91.jpg 190w\" sizes=\"auto, (max-width: 1920px) 100vw, 1920px\" \/><\/div><\/div><div class=\"w-separator size_custom\" style=\"height:7rem\"><\/div><\/div><\/div><\/div><div class=\"g-cols wpb_row via_grid cols_1 laptops-cols_inherit tablets-cols_inherit mobiles-cols_1 valign_top type_default stacking_default\" style=\"--gap:3rem;\" id=\"rossio-lisboa\"><div class=\"wpb_column vc_column_container\"><div class=\"vc_column-inner\"><div class=\"w-image us_custom_7f0f5479 align_center\"><div class=\"w-image-h\"><img decoding=\"async\" width=\"240\" height=\"228\" src=\"http:\/\/mabelcapital.ddoers.com\/wp-content\/uploads\/2026\/03\/MabelCapital-RealEstate-Mabel-Ibiza.png\" class=\"attachment-full size-full\" alt=\"\" loading=\"lazy\" srcset=\"http:\/\/mabelcapital.ddoers.com\/wp-content\/uploads\/2026\/03\/MabelCapital-RealEstate-Mabel-Ibiza.png 240w, http:\/\/mabelcapital.ddoers.com\/wp-content\/uploads\/2026\/03\/MabelCapital-RealEstate-Mabel-Ibiza-200x190.png 200w, http:\/\/mabelcapital.ddoers.com\/wp-content\/uploads\/2026\/03\/MabelCapital-RealEstate-Mabel-Ibiza-100x95.png 100w, http:\/\/mabelcapital.ddoers.com\/wp-content\/uploads\/2026\/03\/MabelCapital-RealEstate-Mabel-Ibiza-158x150.png 158w\" sizes=\"auto, (max-width: 240px) 100vw, 240px\" \/><\/div><\/div><div class=\"w-separator size_custom\" style=\"height:4rem\"><\/div><div class=\"w-image us_custom_80be3626 align_center\"><div class=\"w-image-h\"><img decoding=\"async\" width=\"1920\" height=\"922\" src=\"http:\/\/mabelcapital.ddoers.com\/wp-content\/uploads\/2026\/03\/MabelCapital-RealEstate-Mabel-Ibiza-foto.jpg\" class=\"attachment-full size-full\" alt=\"\" loading=\"lazy\" srcset=\"http:\/\/mabelcapital.ddoers.com\/wp-content\/uploads\/2026\/03\/MabelCapital-RealEstate-Mabel-Ibiza-foto.jpg 1920w, http:\/\/mabelcapital.ddoers.com\/wp-content\/uploads\/2026\/03\/MabelCapital-RealEstate-Mabel-Ibiza-foto-300x144.jpg 300w, http:\/\/mabelcapital.ddoers.com\/wp-content\/uploads\/2026\/03\/MabelCapital-RealEstate-Mabel-Ibiza-foto-1024x492.jpg 1024w, http:\/\/mabelcapital.ddoers.com\/wp-content\/uploads\/2026\/03\/MabelCapital-RealEstate-Mabel-Ibiza-foto-200x96.jpg 200w, http:\/\/mabelcapital.ddoers.com\/wp-content\/uploads\/2026\/03\/MabelCapital-RealEstate-Mabel-Ibiza-foto-100x48.jpg 100w, http:\/\/mabelcapital.ddoers.com\/wp-content\/uploads\/2026\/03\/MabelCapital-RealEstate-Mabel-Ibiza-foto-190x91.jpg 190w\" sizes=\"auto, (max-width: 1920px) 100vw, 1920px\" \/><\/div><\/div><div class=\"w-separator size_custom\" style=\"height:7rem\"><\/div><\/div><\/div><\/div><\/div><\/div><\/div><\/div><\/section>\n","protected":false},"excerpt":{"rendered":"MABEL REAL ESTATEREDEFINIENDO EL LUJO Y LA EXCLUSIVIDADMABEL Real Estate transforma espacios excepcionales en experiencias \u00fanicas, donde la elegancia y la innovaci\u00f3n se unen. Proyecto residencial de apartamentos de ultra lujo en un edificio de 1889 ubicado en la Plaza de la Villa de Par\u00eds. Un proyecto \u00fanico en la capital por su ubicaci\u00f3n privilegiada...","protected":false},"author":1,"featured_media":9704,"parent":0,"menu_order":0,"comment_status":"closed","ping_status":"closed","template":"","meta":{"_acf_changed":false,"footnotes":""},"class_list":["post-9703","page","type-page","status-publish","has-post-thumbnail","hentry"],"acf":[],"yoast_head":"<!-- This site is optimized with the Yoast SEO plugin v27.2 - https:\/\/yoast.com\/product\/yoast-seo-wordpress\/ -->\n<title>Real Estate | Mabel Capital<\/title>\n<meta name=\"description\" content=\"Redefiniendo el lujo y la exclusividad MABEL Real Estate transforma espacios excepcionales en experiencias \u00fanicas, donde la elegancia y la innovaci\u00f3n se unen.\" \/>\n<meta name=\"robots\" content=\"noindex, follow, max-snippet:-1, max-image-preview:large, max-video-preview:-1\" \/>\n<meta property=\"og:locale\" content=\"es_ES\" \/>\n<meta property=\"og:type\" content=\"article\" \/>\n<meta property=\"og:title\" content=\"Real Estate | Mabel Capital\" \/>\n<meta property=\"og:description\" content=\"Redefiniendo el lujo y la exclusividad MABEL Real Estate transforma espacios excepcionales en experiencias \u00fanicas, donde la elegancia y la innovaci\u00f3n se unen.\" \/>\n<meta property=\"og:url\" content=\"http:\/\/mabelcapital.ddoers.com\/es\/real-estate\/\" \/>\n<meta property=\"og:site_name\" content=\"Mabel Capital\" \/>\n<meta property=\"article:modified_time\" content=\"2026-03-27T09:23:42+00:00\" \/>\n<meta property=\"og:image\" content=\"http:\/\/mabelcapital.ddoers.com\/wp-content\/uploads\/2025\/06\/MabelCapital-RealEstate-Destacada.jpg\" \/>\n\t<meta property=\"og:image:width\" content=\"1104\" \/>\n\t<meta property=\"og:image:height\" content=\"1104\" \/>\n\t<meta property=\"og:image:type\" content=\"image\/jpeg\" \/>\n<meta name=\"twitter:card\" content=\"summary_large_image\" \/>\n<meta name=\"twitter:label1\" content=\"Tiempo de lectura\" \/>\n\t<meta name=\"twitter:data1\" content=\"7 minutos\" \/>\n<script type=\"application\/ld+json\" class=\"yoast-schema-graph\">{\"@context\":\"https:\/\/schema.org\",\"@graph\":[{\"@type\":\"WebPage\",\"@id\":\"http:\/\/mabelcapital.ddoers.com\/es\/real-estate\/\",\"url\":\"http:\/\/mabelcapital.ddoers.com\/es\/real-estate\/\",\"name\":\"Real Estate | Mabel Capital\",\"isPartOf\":{\"@id\":\"http:\/\/mabelcapital.ddoers.com\/es\/#website\"},\"primaryImageOfPage\":{\"@id\":\"http:\/\/mabelcapital.ddoers.com\/es\/real-estate\/#primaryimage\"},\"image\":{\"@id\":\"http:\/\/mabelcapital.ddoers.com\/es\/real-estate\/#primaryimage\"},\"thumbnailUrl\":\"http:\/\/mabelcapital.ddoers.com\/wp-content\/uploads\/2025\/06\/MabelCapital-RealEstate-Destacada.jpg\",\"datePublished\":\"2025-06-02T14:20:03+00:00\",\"dateModified\":\"2026-03-27T09:23:42+00:00\",\"description\":\"Redefiniendo el lujo y la exclusividad MABEL Real Estate transforma espacios excepcionales en experiencias \u00fanicas, donde la elegancia y la innovaci\u00f3n se unen.\",\"breadcrumb\":{\"@id\":\"http:\/\/mabelcapital.ddoers.com\/es\/real-estate\/#breadcrumb\"},\"inLanguage\":\"es\",\"potentialAction\":[{\"@type\":\"ReadAction\",\"target\":[\"http:\/\/mabelcapital.ddoers.com\/es\/real-estate\/\"]}]},{\"@type\":\"ImageObject\",\"inLanguage\":\"es\",\"@id\":\"http:\/\/mabelcapital.ddoers.com\/es\/real-estate\/#primaryimage\",\"url\":\"http:\/\/mabelcapital.ddoers.com\/wp-content\/uploads\/2025\/06\/MabelCapital-RealEstate-Destacada.jpg\",\"contentUrl\":\"http:\/\/mabelcapital.ddoers.com\/wp-content\/uploads\/2025\/06\/MabelCapital-RealEstate-Destacada.jpg\",\"width\":1104,\"height\":1104},{\"@type\":\"BreadcrumbList\",\"@id\":\"http:\/\/mabelcapital.ddoers.com\/es\/real-estate\/#breadcrumb\",\"itemListElement\":[{\"@type\":\"ListItem\",\"position\":1,\"name\":\"Portada\",\"item\":\"http:\/\/mabelcapital.ddoers.com\/es\/\"},{\"@type\":\"ListItem\",\"position\":2,\"name\":\"Real Estate\"}]},{\"@type\":\"WebSite\",\"@id\":\"http:\/\/mabelcapital.ddoers.com\/es\/#website\",\"url\":\"http:\/\/mabelcapital.ddoers.com\/es\/\",\"name\":\"Mabel Capital\",\"description\":\"\",\"potentialAction\":[{\"@type\":\"SearchAction\",\"target\":{\"@type\":\"EntryPoint\",\"urlTemplate\":\"http:\/\/mabelcapital.ddoers.com\/es\/?s={search_term_string}\"},\"query-input\":{\"@type\":\"PropertyValueSpecification\",\"valueRequired\":true,\"valueName\":\"search_term_string\"}}],\"inLanguage\":\"es\"}]}<\/script>\n<!-- \/ Yoast SEO plugin. -->","yoast_head_json":{"title":"Real Estate | Mabel Capital","description":"Redefiniendo el lujo y la exclusividad MABEL Real Estate transforma espacios excepcionales en experiencias \u00fanicas, donde la elegancia y la innovaci\u00f3n se unen.","robots":{"index":"noindex","follow":"follow","max-snippet":"max-snippet:-1","max-image-preview":"max-image-preview:large","max-video-preview":"max-video-preview:-1"},"og_locale":"es_ES","og_type":"article","og_title":"Real Estate | Mabel Capital","og_description":"Redefiniendo el lujo y la exclusividad MABEL Real Estate transforma espacios excepcionales en experiencias \u00fanicas, donde la elegancia y la innovaci\u00f3n se unen.","og_url":"http:\/\/mabelcapital.ddoers.com\/es\/real-estate\/","og_site_name":"Mabel Capital","article_modified_time":"2026-03-27T09:23:42+00:00","og_image":[{"width":1104,"height":1104,"url":"http:\/\/mabelcapital.ddoers.com\/wp-content\/uploads\/2025\/06\/MabelCapital-RealEstate-Destacada.jpg","type":"image\/jpeg"}],"twitter_card":"summary_large_image","twitter_misc":{"Tiempo de lectura":"7 minutos"},"schema":{"@context":"https:\/\/schema.org","@graph":[{"@type":"WebPage","@id":"http:\/\/mabelcapital.ddoers.com\/es\/real-estate\/","url":"http:\/\/mabelcapital.ddoers.com\/es\/real-estate\/","name":"Real Estate | Mabel Capital","isPartOf":{"@id":"http:\/\/mabelcapital.ddoers.com\/es\/#website"},"primaryImageOfPage":{"@id":"http:\/\/mabelcapital.ddoers.com\/es\/real-estate\/#primaryimage"},"image":{"@id":"http:\/\/mabelcapital.ddoers.com\/es\/real-estate\/#primaryimage"},"thumbnailUrl":"http:\/\/mabelcapital.ddoers.com\/wp-content\/uploads\/2025\/06\/MabelCapital-RealEstate-Destacada.jpg","datePublished":"2025-06-02T14:20:03+00:00","dateModified":"2026-03-27T09:23:42+00:00","description":"Redefiniendo el lujo y la exclusividad MABEL Real Estate transforma espacios excepcionales en experiencias \u00fanicas, donde la elegancia y la innovaci\u00f3n se unen.","breadcrumb":{"@id":"http:\/\/mabelcapital.ddoers.com\/es\/real-estate\/#breadcrumb"},"inLanguage":"es","potentialAction":[{"@type":"ReadAction","target":["http:\/\/mabelcapital.ddoers.com\/es\/real-estate\/"]}]},{"@type":"ImageObject","inLanguage":"es","@id":"http:\/\/mabelcapital.ddoers.com\/es\/real-estate\/#primaryimage","url":"http:\/\/mabelcapital.ddoers.com\/wp-content\/uploads\/2025\/06\/MabelCapital-RealEstate-Destacada.jpg","contentUrl":"http:\/\/mabelcapital.ddoers.com\/wp-content\/uploads\/2025\/06\/MabelCapital-RealEstate-Destacada.jpg","width":1104,"height":1104},{"@type":"BreadcrumbList","@id":"http:\/\/mabelcapital.ddoers.com\/es\/real-estate\/#breadcrumb","itemListElement":[{"@type":"ListItem","position":1,"name":"Portada","item":"http:\/\/mabelcapital.ddoers.com\/es\/"},{"@type":"ListItem","position":2,"name":"Real Estate"}]},{"@type":"WebSite","@id":"http:\/\/mabelcapital.ddoers.com\/es\/#website","url":"http:\/\/mabelcapital.ddoers.com\/es\/","name":"Mabel Capital","description":"","potentialAction":[{"@type":"SearchAction","target":{"@type":"EntryPoint","urlTemplate":"http:\/\/mabelcapital.ddoers.com\/es\/?s={search_term_string}"},"query-input":{"@type":"PropertyValueSpecification","valueRequired":true,"valueName":"search_term_string"}}],"inLanguage":"es"}]}},"_links":{"self":[{"href":"http:\/\/mabelcapital.ddoers.com\/es\/wp-json\/wp\/v2\/pages\/9703","targetHints":{"allow":["GET"]}}],"collection":[{"href":"http:\/\/mabelcapital.ddoers.com\/es\/wp-json\/wp\/v2\/pages"}],"about":[{"href":"http:\/\/mabelcapital.ddoers.com\/es\/wp-json\/wp\/v2\/types\/page"}],"author":[{"embeddable":true,"href":"http:\/\/mabelcapital.ddoers.com\/es\/wp-json\/wp\/v2\/users\/1"}],"replies":[{"embeddable":true,"href":"http:\/\/mabelcapital.ddoers.com\/es\/wp-json\/wp\/v2\/comments?post=9703"}],"version-history":[{"count":3,"href":"http:\/\/mabelcapital.ddoers.com\/es\/wp-json\/wp\/v2\/pages\/9703\/revisions"}],"predecessor-version":[{"id":9732,"href":"http:\/\/mabelcapital.ddoers.com\/es\/wp-json\/wp\/v2\/pages\/9703\/revisions\/9732"}],"wp:featuredmedia":[{"embeddable":true,"href":"http:\/\/mabelcapital.ddoers.com\/es\/wp-json\/wp\/v2\/media\/9704"}],"wp:attachment":[{"href":"http:\/\/mabelcapital.ddoers.com\/es\/wp-json\/wp\/v2\/media?parent=9703"}],"curies":[{"name":"wp","href":"https:\/\/api.w.org\/{rel}","templated":true}]}}