{"id":9733,"date":"2025-06-16T14:01:13","date_gmt":"2025-06-16T12:01:13","guid":{"rendered":"http:\/\/mabelcapital.ddoers.com\/contacto\/"},"modified":"2026-03-27T10:28:50","modified_gmt":"2026-03-27T09:28:50","slug":"contacto","status":"publish","type":"page","link":"http:\/\/mabelcapital.ddoers.com\/es\/contacto\/","title":{"rendered":"Contacto"},"content":{"rendered":"<section class=\"l-section wpb_row height_auto full_height valign_bottom width_full color_primary with_img\"><div class=\"l-section-img\" role=\"img\" data-img-width=\"1920\" data-img-height=\"1076\" style=\"background-image: url(http:\/\/mabelcapital.ddoers.com\/wp-content\/uploads\/2025\/06\/MabelCapital-Contact-Cabecera.jpg);background-position: bottom center;background-repeat: no-repeat;\"><\/div><div class=\"l-section-overlay\" style=\"background:rgba(0,0,0,0.25)\"><\/div><div class=\"l-section-h i-cf\"><div class=\"g-cols vc_row via_grid cols_1 laptops-cols_inherit tablets-cols_inherit mobiles-cols_1 valign_top type_default stacking_default\"><div class=\"wpb_column vc_column_container\"><div class=\"vc_column-inner\"><div class=\"g-cols wpb_row us_custom_d0446fc2 via_grid cols_1 laptops-cols_inherit tablets-cols_inherit mobiles-cols_1 valign_bottom type_default stacking_default\" style=\"--gap:3rem;\"><div class=\"wpb_column vc_column_container\"><div class=\"vc_column-inner\"><h1 class=\"w-text us_custom_fe7914ee\"><span class=\"w-text-h\"><span class=\"w-text-value\">CONTACTO<\/span><\/span><\/h1><div class=\"w-image align_center\"><div class=\"w-image-h\"><img decoding=\"async\" width=\"20\" height=\"11\" src=\"http:\/\/mabelcapital.ddoers.com\/wp-content\/uploads\/2025\/06\/arrow-right.png\" class=\"attachment-large size-large\" alt=\"\" loading=\"lazy\" \/><\/div><\/div><\/div><\/div><\/div><\/div><\/div><\/div><\/div><\/section><section class=\"l-section wpb_row height_auto width_full\"><div class=\"l-section-h i-cf\"><div class=\"g-cols vc_row via_grid cols_1 laptops-cols_inherit tablets-cols_inherit mobiles-cols_1 valign_top type_default stacking_default\"><div class=\"wpb_column vc_column_container\"><div class=\"vc_column-inner\"><div class=\"w-separator size_huge\"><\/div><div class=\"wpb_text_column us_custom_29b6f70d\"><div class=\"wpb_wrapper\"><p><a href=\"tel:(+34)%20917%2062%2092%2097\">(+34) 917 62 92 97<\/a><br \/><a href=\"mailto:info@mabelcapital.com\">INFO@MABELCAPITAL.COM<\/a><\/p>\n<\/div><\/div><div class=\"wpb_text_column us_custom_fed6e0c3\"><div class=\"wpb_wrapper\"><p>TUS DATOS<\/p>\n<\/div><\/div><div class=\"w-separator size_custom\" style=\"height:1rem\"><\/div><\/div><\/div><\/div><\/div><\/section><section class=\"l-section wpb_row height_auto width_full\"><div class=\"l-section-h i-cf\"><div class=\"g-cols vc_row via_grid cols_3 laptops-cols_inherit tablets-cols_inherit mobiles-cols_1 valign_top type_default stacking_default\"><div class=\"wpb_column vc_column_container\"><div class=\"vc_column-inner\"><\/div><\/div><div class=\"wpb_column vc_column_container\"><div class=\"vc_column-inner\"><form class=\"w-form  us_custom_70bc6d5e layout_ver for_cform us_form_1\" autocomplete=\"off\" action=\"http:\/\/mabelcapital.ddoers.com\/es\/wp-json\/wp\/v2\/pages\/9733\" method=\"post\"><div class=\"w-form-h\"><div class=\"w-form-row for_text required\">\r\n\t\t<div class=\"w-form-row-field\">\r\n\t\t\t\t\t\t<input aria-label=\"NOMBRE\" type=\"text\" name=\"us_form_1_text_1\" value placeholder=\"NOMBRE *\" data-required=\"true\" aria-required=\"true\"\/>\r\n\t\t\t<\/div>\r\n\t\t<div class=\"w-form-row-state\">Rellena este campo<\/div>\r\n<\/div>\r\n<div class=\"w-form-row for_text required\">\r\n\t\t<div class=\"w-form-row-field\">\r\n\t\t\t\t\t\t<input aria-label=\"APELLIDOS\" type=\"text\" name=\"us_form_1_text_2\" value placeholder=\"APELLIDOS *\" data-required=\"true\" aria-required=\"true\"\/>\r\n\t\t\t<\/div>\r\n\t\t<div class=\"w-form-row-state\">Rellena este campo<\/div>\r\n<\/div>\r\n<div class=\"w-form-row for_text required\">\r\n\t\t<div class=\"w-form-row-field\">\r\n\t\t\t\t\t\t<input aria-label=\"TEL\u00c9FONO\" inputmode=\"tel\" type=\"text\" name=\"us_form_1_text_3\" value placeholder=\"TEL\u00c9FONO *\" data-required=\"true\" aria-required=\"true\"\/>\r\n\t\t\t<\/div>\r\n\t\t<div class=\"w-form-row-state\">Rellena este campo<\/div>\r\n<\/div>\r\n<div class=\"w-form-row for_email required\">\r\n\t\t<div class=\"w-form-row-field\">\r\n\t\t\t\t\t\t<input aria-label=\"CORREO EL\u00c9CTRONICO\" type=\"email\" name=\"us_form_1_email_1\" value placeholder=\"CORREO EL\u00c9CTRONICO *\" data-required=\"true\" aria-required=\"true\"\/>\r\n\t\t\t<\/div>\r\n\t\t<div class=\"w-form-row-state\">Por favor, introduce una direcci\u00f3n de correo electr\u00f3nico v\u00e1lida.<\/div>\r\n<\/div>\r\n<div class=\"w-form-row for_text\">\r\n\t\t<div class=\"w-form-row-field\">\r\n\t\t\t\t\t\t<input aria-label=\"EMPRESA (SI PROCEDE)\" type=\"text\" name=\"us_form_1_text_4\" value placeholder=\"EMPRESA (SI PROCEDE)\"\/>\r\n\t\t\t<\/div>\r\n\t\t<div class=\"w-form-row-state\">Rellena este campo<\/div>\r\n<\/div>\r\n<div class=\"w-form-row for_textarea required\">\r\n\t\t<div class=\"w-form-row-field\">\r\n\t\t\t\t\t\t<textarea aria-label=\"\u00bfCU\u00c1L ES TU CONSULTA?\" name=\"us_form_1_textarea_1\" placeholder=\"\u00bfCU\u00c1L ES TU CONSULTA? *\" data-required=\"true\" aria-required=\"true\"><\/textarea>\r\n\t\t\t<\/div>\r\n\t\t<div class=\"w-form-row-state\">Rellena este campo<\/div>\r\n<\/div>\r\n<div class=\"w-form-row for_agreement required\">\r\n\t\t<div class=\"w-form-row-field\">\r\n\t\t\t\t<label>\r\n\t\t\t<input type=\"checkbox\" value=\"1\" data-required=\"true\" aria-required=\"true\" name=\"us_form_1_agreement_1\"\/>\r\n\t\t\t<span>HE LE\u00cdDO Y ACEPTO LA POL\u00cdTICA DE PRIVACIDAD DE MABEL CAPITAL<\/span>\r\n\t\t<\/label>\r\n\t\t\t<\/div>\r\n\t\t<div class=\"w-form-row-state\">Tienes que aprobar los t\u00e9rminos para continuar<\/div>\r\n<\/div>\r\n<input type=\"hidden\" name=\"action\" value=\"us_ajax_cform\" \/>\r\n<input type=\"hidden\" name=\"post_id\" value=\"0\" \/>\r\n<input type=\"hidden\" name=\"form_index\" value=\"1\" \/>\r\n<div class=\"w-form-row for_submit align_center\">\r\n\t<button class=\"w-btn  us-btn-style_9 submit-form\" aria-label=\"ENVIAR\" type=\"submit\" style=\"font-size:0.5rem;\">\r\n\t\t<span class=\"g-preloader type_1\"><\/span>\r\n\t\t\t\t<span class=\"w-btn-label\">ENVIAR<\/span>\r\n\t\t\t<\/button>\r\n\t<\/div>\r\n<\/div><div class=\"w-form-message\"><\/div><div class=\"w-form-json hidden\" onclick='return {&quot;ajaxurl&quot;:&quot;http:\\\/\\\/mabelcapital.ddoers.com\\\/wp-admin\\\/admin-ajax.php&quot;,&quot;messages&quot;:{&quot;err_empty&quot;:&quot;Rellena este campo&quot;,&quot;err_size&quot;:&quot;El tama\\u00f1o del archivo no puede exceder %s MB&quot;,&quot;err_extension&quot;:&quot;El tipo de archivo %s no est\\u00e1 permitido&quot;}}'><\/div><\/form><\/div><\/div><div class=\"wpb_column vc_column_container\"><div class=\"vc_column-inner\"><\/div><\/div><\/div><\/div><\/section><section class=\"l-section wpb_row height_auto\"><div class=\"l-section-h i-cf\"><div class=\"g-cols vc_row via_grid cols_1 laptops-cols_inherit tablets-cols_inherit mobiles-cols_1 valign_top type_default stacking_default\"><div class=\"wpb_column vc_column_container\"><div class=\"vc_column-inner\"><div class=\"w-separator size_custom\" style=\"height:8rem\"><\/div><\/div><\/div><\/div><\/div><\/section><section class=\"l-section wpb_row us_custom_1ee747c4 height_auto width_full\"><div class=\"l-section-h i-cf\"><div class=\"g-cols vc_row via_grid cols_2 laptops-cols_inherit tablets-cols_inherit mobiles-cols_1 valign_middle type_default stacking_default\"><div class=\"wpb_column vc_column_container\"><div class=\"vc_column-inner\"><div class=\"w-image us_custom_a1f726d9 align_center\"><div class=\"w-image-h\"><img decoding=\"async\" width=\"100\" height=\"93\" src=\"http:\/\/mabelcapital.ddoers.com\/wp-content\/uploads\/2025\/06\/MabelCapital-Footer-Logo-100x93.png\" class=\"attachment-us_100_100 size-us_100_100\" alt=\"\" loading=\"lazy\" srcset=\"http:\/\/mabelcapital.ddoers.com\/wp-content\/uploads\/2025\/06\/MabelCapital-Footer-Logo-100x93.png 100w, http:\/\/mabelcapital.ddoers.com\/wp-content\/uploads\/2025\/06\/MabelCapital-Footer-Logo.png 161w\" sizes=\"auto, (max-width: 100px) 100vw, 100px\" \/><\/div><\/div><div class=\"w-text us_custom_269336a4\"><a target=\"_blank\" href=\"https:\/\/share.google\/XCKUR8lQ4rg8Ondwe\" class=\"w-text-h\"><span class=\"w-text-value\">Madrid Head Office<\/span><\/a><\/div><div class=\"w-html\"><table>\n<tr style=\"border-top: 1px solid #0c5044;\"><td style=\"font-weight:bold;\">DIRECCI\u00d3N<\/td><td style=\"text-align:right\">Calle Marqu\u00e9s de Villamejor, 3, Madrid, 28006<\/td><\/tr>\n<tr><td style=\"font-weight:bold;\">CONTACTO<\/td><td style=\"text-align:right\"><a href=\"tel:(+34) 917 62 92 97\">(+34) 917 62 92 97<\/a><\/td><\/tr>\n<tr><td style=\"font-weight:bold;\">CORREO ELECTR\u00d3NICO<\/td><td style=\"text-align:right\"><a href=\"mailto:info@mabelcapital.com\">info@mabelcapital.com<\/a><\/td><\/tr>\n<tr style=\"border: 0px;\"><td style=\"font-weight:bold;border-bottom: 1px solid #0c5044;\"><a href=\"https:\/\/maps.app.goo.gl\/iU2o9FKYvJmDAyog8\" target=\"_blank\">VER DIRECCI\u00d3N EN EL MAPA \u2192<\/a><\/td><td style=\"  border-color: transparent;\"><\/td><\/tr>\n<\/table><\/div><\/div><\/div><div class=\"wpb_column vc_column_container\"><div class=\"vc_column-inner\"><div class=\"w-image align_center\"><div class=\"w-image-h\"><img decoding=\"async\" width=\"300\" height=\"168\" src=\"http:\/\/mabelcapital.ddoers.com\/wp-content\/uploads\/2025\/06\/MabelCapital-background-Home-300x168.jpg\" class=\"attachment-medium size-medium\" alt=\"\" loading=\"lazy\" srcset=\"http:\/\/mabelcapital.ddoers.com\/wp-content\/uploads\/2025\/06\/MabelCapital-background-Home-300x168.jpg 300w, http:\/\/mabelcapital.ddoers.com\/wp-content\/uploads\/2025\/06\/MabelCapital-background-Home-1024x574.jpg 1024w, http:\/\/mabelcapital.ddoers.com\/wp-content\/uploads\/2025\/06\/MabelCapital-background-Home-200x112.jpg 200w, http:\/\/mabelcapital.ddoers.com\/wp-content\/uploads\/2025\/06\/MabelCapital-background-Home-100x56.jpg 100w, http:\/\/mabelcapital.ddoers.com\/wp-content\/uploads\/2025\/06\/MabelCapital-background-Home-190x106.jpg 190w, http:\/\/mabelcapital.ddoers.com\/wp-content\/uploads\/2025\/06\/MabelCapital-background-Home.jpg 1927w\" sizes=\"auto, (max-width: 300px) 100vw, 300px\" \/><\/div><\/div><\/div><\/div><\/div><\/div><\/section>\n","protected":false},"excerpt":{"rendered":"CONTACTO(+34) 917 62 92 97INFO@MABELCAPITAL.COM TUS DATOS Rellena este campo Rellena este campo Rellena este campo Por favor, introduce una direcci\u00f3n de correo electr\u00f3nico v\u00e1lida. Rellena este campo Rellena este campo HE LE\u00cdDO Y ACEPTO LA POL\u00cdTICA DE PRIVACIDAD DE MABEL CAPITAL Tienes que aprobar los t\u00e9rminos para continuar ENVIAR Madrid Head Office DIRECCI\u00d3NCalle Marqu\u00e9s...","protected":false},"author":1,"featured_media":9734,"parent":0,"menu_order":0,"comment_status":"closed","ping_status":"closed","template":"","meta":{"_acf_changed":false,"footnotes":""},"class_list":["post-9733","page","type-page","status-publish","has-post-thumbnail","hentry"],"acf":[],"yoast_head":"<!-- This site is optimized with the Yoast SEO plugin v27.2 - https:\/\/yoast.com\/product\/yoast-seo-wordpress\/ -->\n<title>Contacto | Mabel Capital<\/title>\n<meta name=\"description\" content=\"\u00bfQUIERES SABER M\u00c1S? HABLEMOS\" \/>\n<meta name=\"robots\" content=\"noindex, follow, max-snippet:-1, max-image-preview:large, max-video-preview:-1\" \/>\n<meta property=\"og:locale\" content=\"es_ES\" \/>\n<meta property=\"og:type\" content=\"article\" \/>\n<meta property=\"og:title\" content=\"Contacto | Mabel Capital\" \/>\n<meta property=\"og:description\" content=\"\u00bfQUIERES SABER M\u00c1S? HABLEMOS\" \/>\n<meta property=\"og:url\" content=\"http:\/\/mabelcapital.ddoers.com\/es\/contacto\/\" \/>\n<meta property=\"og:site_name\" content=\"Mabel Capital\" \/>\n<meta property=\"article:modified_time\" content=\"2026-03-27T09:28:50+00:00\" \/>\n<meta property=\"og:image\" content=\"http:\/\/mabelcapital.ddoers.com\/wp-content\/uploads\/2025\/06\/MabelCapital-Contact-Cabecera.jpg\" \/>\n\t<meta property=\"og:image:width\" content=\"1920\" \/>\n\t<meta property=\"og:image:height\" content=\"1076\" \/>\n\t<meta property=\"og:image:type\" content=\"image\/jpeg\" \/>\n<meta name=\"twitter:card\" content=\"summary_large_image\" \/>\n<meta name=\"twitter:label1\" content=\"Tiempo de lectura\" \/>\n\t<meta name=\"twitter:data1\" content=\"5 minutos\" \/>\n<script type=\"application\/ld+json\" class=\"yoast-schema-graph\">{\"@context\":\"https:\/\/schema.org\",\"@graph\":[{\"@type\":\"WebPage\",\"@id\":\"http:\/\/mabelcapital.ddoers.com\/es\/contacto\/\",\"url\":\"http:\/\/mabelcapital.ddoers.com\/es\/contacto\/\",\"name\":\"Contacto | Mabel Capital\",\"isPartOf\":{\"@id\":\"http:\/\/mabelcapital.ddoers.com\/es\/#website\"},\"primaryImageOfPage\":{\"@id\":\"http:\/\/mabelcapital.ddoers.com\/es\/contacto\/#primaryimage\"},\"image\":{\"@id\":\"http:\/\/mabelcapital.ddoers.com\/es\/contacto\/#primaryimage\"},\"thumbnailUrl\":\"http:\/\/mabelcapital.ddoers.com\/wp-content\/uploads\/2025\/06\/MabelCapital-Contact-Cabecera.jpg\",\"datePublished\":\"2025-06-16T12:01:13+00:00\",\"dateModified\":\"2026-03-27T09:28:50+00:00\",\"description\":\"\u00bfQUIERES SABER M\u00c1S? HABLEMOS\",\"breadcrumb\":{\"@id\":\"http:\/\/mabelcapital.ddoers.com\/es\/contacto\/#breadcrumb\"},\"inLanguage\":\"es\",\"potentialAction\":[{\"@type\":\"ReadAction\",\"target\":[\"http:\/\/mabelcapital.ddoers.com\/es\/contacto\/\"]}]},{\"@type\":\"ImageObject\",\"inLanguage\":\"es\",\"@id\":\"http:\/\/mabelcapital.ddoers.com\/es\/contacto\/#primaryimage\",\"url\":\"http:\/\/mabelcapital.ddoers.com\/wp-content\/uploads\/2025\/06\/MabelCapital-Contact-Cabecera.jpg\",\"contentUrl\":\"http:\/\/mabelcapital.ddoers.com\/wp-content\/uploads\/2025\/06\/MabelCapital-Contact-Cabecera.jpg\",\"width\":1920,\"height\":1076},{\"@type\":\"BreadcrumbList\",\"@id\":\"http:\/\/mabelcapital.ddoers.com\/es\/contacto\/#breadcrumb\",\"itemListElement\":[{\"@type\":\"ListItem\",\"position\":1,\"name\":\"Portada\",\"item\":\"http:\/\/mabelcapital.ddoers.com\/es\/\"},{\"@type\":\"ListItem\",\"position\":2,\"name\":\"Contacto\"}]},{\"@type\":\"WebSite\",\"@id\":\"http:\/\/mabelcapital.ddoers.com\/es\/#website\",\"url\":\"http:\/\/mabelcapital.ddoers.com\/es\/\",\"name\":\"Mabel Capital\",\"description\":\"\",\"potentialAction\":[{\"@type\":\"SearchAction\",\"target\":{\"@type\":\"EntryPoint\",\"urlTemplate\":\"http:\/\/mabelcapital.ddoers.com\/es\/?s={search_term_string}\"},\"query-input\":{\"@type\":\"PropertyValueSpecification\",\"valueRequired\":true,\"valueName\":\"search_term_string\"}}],\"inLanguage\":\"es\"}]}<\/script>\n<!-- \/ Yoast SEO plugin. -->","yoast_head_json":{"title":"Contacto | Mabel Capital","description":"\u00bfQUIERES SABER M\u00c1S? HABLEMOS","robots":{"index":"noindex","follow":"follow","max-snippet":"max-snippet:-1","max-image-preview":"max-image-preview:large","max-video-preview":"max-video-preview:-1"},"og_locale":"es_ES","og_type":"article","og_title":"Contacto | Mabel Capital","og_description":"\u00bfQUIERES SABER M\u00c1S? HABLEMOS","og_url":"http:\/\/mabelcapital.ddoers.com\/es\/contacto\/","og_site_name":"Mabel Capital","article_modified_time":"2026-03-27T09:28:50+00:00","og_image":[{"width":1920,"height":1076,"url":"http:\/\/mabelcapital.ddoers.com\/wp-content\/uploads\/2025\/06\/MabelCapital-Contact-Cabecera.jpg","type":"image\/jpeg"}],"twitter_card":"summary_large_image","twitter_misc":{"Tiempo de lectura":"5 minutos"},"schema":{"@context":"https:\/\/schema.org","@graph":[{"@type":"WebPage","@id":"http:\/\/mabelcapital.ddoers.com\/es\/contacto\/","url":"http:\/\/mabelcapital.ddoers.com\/es\/contacto\/","name":"Contacto | Mabel Capital","isPartOf":{"@id":"http:\/\/mabelcapital.ddoers.com\/es\/#website"},"primaryImageOfPage":{"@id":"http:\/\/mabelcapital.ddoers.com\/es\/contacto\/#primaryimage"},"image":{"@id":"http:\/\/mabelcapital.ddoers.com\/es\/contacto\/#primaryimage"},"thumbnailUrl":"http:\/\/mabelcapital.ddoers.com\/wp-content\/uploads\/2025\/06\/MabelCapital-Contact-Cabecera.jpg","datePublished":"2025-06-16T12:01:13+00:00","dateModified":"2026-03-27T09:28:50+00:00","description":"\u00bfQUIERES SABER M\u00c1S? HABLEMOS","breadcrumb":{"@id":"http:\/\/mabelcapital.ddoers.com\/es\/contacto\/#breadcrumb"},"inLanguage":"es","potentialAction":[{"@type":"ReadAction","target":["http:\/\/mabelcapital.ddoers.com\/es\/contacto\/"]}]},{"@type":"ImageObject","inLanguage":"es","@id":"http:\/\/mabelcapital.ddoers.com\/es\/contacto\/#primaryimage","url":"http:\/\/mabelcapital.ddoers.com\/wp-content\/uploads\/2025\/06\/MabelCapital-Contact-Cabecera.jpg","contentUrl":"http:\/\/mabelcapital.ddoers.com\/wp-content\/uploads\/2025\/06\/MabelCapital-Contact-Cabecera.jpg","width":1920,"height":1076},{"@type":"BreadcrumbList","@id":"http:\/\/mabelcapital.ddoers.com\/es\/contacto\/#breadcrumb","itemListElement":[{"@type":"ListItem","position":1,"name":"Portada","item":"http:\/\/mabelcapital.ddoers.com\/es\/"},{"@type":"ListItem","position":2,"name":"Contacto"}]},{"@type":"WebSite","@id":"http:\/\/mabelcapital.ddoers.com\/es\/#website","url":"http:\/\/mabelcapital.ddoers.com\/es\/","name":"Mabel Capital","description":"","potentialAction":[{"@type":"SearchAction","target":{"@type":"EntryPoint","urlTemplate":"http:\/\/mabelcapital.ddoers.com\/es\/?s={search_term_string}"},"query-input":{"@type":"PropertyValueSpecification","valueRequired":true,"valueName":"search_term_string"}}],"inLanguage":"es"}]}},"_links":{"self":[{"href":"http:\/\/mabelcapital.ddoers.com\/es\/wp-json\/wp\/v2\/pages\/9733","targetHints":{"allow":["GET"]}}],"collection":[{"href":"http:\/\/mabelcapital.ddoers.com\/es\/wp-json\/wp\/v2\/pages"}],"about":[{"href":"http:\/\/mabelcapital.ddoers.com\/es\/wp-json\/wp\/v2\/types\/page"}],"author":[{"embeddable":true,"href":"http:\/\/mabelcapital.ddoers.com\/es\/wp-json\/wp\/v2\/users\/1"}],"replies":[{"embeddable":true,"href":"http:\/\/mabelcapital.ddoers.com\/es\/wp-json\/wp\/v2\/comments?post=9733"}],"version-history":[{"count":3,"href":"http:\/\/mabelcapital.ddoers.com\/es\/wp-json\/wp\/v2\/pages\/9733\/revisions"}],"predecessor-version":[{"id":9737,"href":"http:\/\/mabelcapital.ddoers.com\/es\/wp-json\/wp\/v2\/pages\/9733\/revisions\/9737"}],"wp:featuredmedia":[{"embeddable":true,"href":"http:\/\/mabelcapital.ddoers.com\/es\/wp-json\/wp\/v2\/media\/9734"}],"wp:attachment":[{"href":"http:\/\/mabelcapital.ddoers.com\/es\/wp-json\/wp\/v2\/media?parent=9733"}],"curies":[{"name":"wp","href":"https:\/\/api.w.org\/{rel}","templated":true}]}}