{"id":9788,"date":"2026-03-23T14:00:05","date_gmt":"2026-03-23T13:00:05","guid":{"rendered":"http:\/\/mabelcapital.ddoers.com\/manuel-campos-guallar\/"},"modified":"2026-03-27T11:00:51","modified_gmt":"2026-03-27T10:00:51","slug":"manuel-campos-guallar","status":"publish","type":"page","link":"http:\/\/mabelcapital.ddoers.com\/es\/manuel-campos-guallar\/","title":{"rendered":"Manuel Campos Guallar"},"content":{"rendered":"<section class=\"l-section wpb_row us_custom_b89f5c3a height_auto width_full color_primary\"><div class=\"l-section-overlay\" style=\"background:rgba(0,0,0,0.08)\"><\/div><div class=\"l-section-h i-cf\"><div class=\"g-cols vc_row via_grid cols_1 laptops-cols_inherit tablets-cols_inherit mobiles-cols_1 valign_bottom type_default stacking_default\"><div class=\"wpb_column vc_column_container\"><div class=\"vc_column-inner\"><div class=\"g-cols wpb_row us_custom_a3680416 via_grid cols_1 laptops-cols_inherit tablets-cols_inherit mobiles-cols_1 valign_bottom type_default stacking_default\" style=\"--gap:3rem;\" id=\"titulo\"><div class=\"wpb_column vc_column_container\"><div class=\"vc_column-inner\"><h1 class=\"w-text us_custom_fe7914ee\"><span class=\"w-text-h\"><span class=\"w-text-value\">MANUEL CAMPOS GUALLAR<\/span><\/span><\/h1><div class=\"w-image align_center\"><div class=\"w-image-h\"><img decoding=\"async\" width=\"20\" height=\"11\" src=\"http:\/\/mabelcapital.ddoers.com\/wp-content\/uploads\/2025\/06\/arrow-right.png\" class=\"attachment-large size-large\" alt=\"\" loading=\"lazy\" \/><\/div><\/div><\/div><\/div><\/div><\/div><\/div><\/div><\/div><\/section><!-- Row Backgrounds --><div class=\"upb_bg_img\" data-ultimate-bg=\"url(http:\/\/mabelcapital.ddoers.com\/wp-content\/uploads\/2026\/03\/MabelCapital-Manuel-Campos-foto.jpg)\" data-image-id=\"id^9624|url^http:\/\/mabelcapital.ddoers.com\/wp-content\/uploads\/2026\/03\/MabelCapital-Manuel-Campos-foto.jpg|caption^null|alt^null|title^MabelCapital-Manuel-Campos-foto|description^null\" data-ultimate-bg-style=\"vcpb-default\" data-bg-img-repeat=\"no-repeat\" data-bg-img-size=\"cover\" data-bg-img-position=\"0 -60px 0\" data-parallx_sense=\"30\" data-bg-override=\"0\" data-bg_img_attach=\"scroll\" data-upb-overlay-color=\"\" data-upb-bg-animation=\"\" data-fadeout=\"\" data-bg-animation=\"left-animation\" data-bg-animation-type=\"h\" data-animation-repeat=\"repeat\" data-fadeout-percentage=\"30\" data-parallax-content=\"\" data-parallax-content-sense=\"30\" data-row-effect-mobile-disable=\"true\" data-img-parallax-mobile-disable=\"true\" data-rtl=\"false\"  data-custom-vc-row=\"\"  data-vc=\"7.9\"  data-is_old_vc=\"\"  data-theme-support=\"\"   data-overlay=\"false\" data-overlay-color=\"\" data-overlay-pattern=\"\" data-overlay-pattern-opacity=\"\" data-overlay-pattern-size=\"\"    ><\/div><section class=\"l-section wpb_row height_auto width_full\"><div class=\"l-section-h i-cf\"><div class=\"g-cols vc_row via_grid cols_1 laptops-cols_inherit tablets-cols_inherit mobiles-cols_1 valign_top type_default stacking_default\"><div class=\"wpb_column vc_column_container\"><div class=\"vc_column-inner\"><div class=\"w-separator size_large\"><\/div><div class=\"g-cols wpb_row us_custom_8cf1977e via_grid cols_1 laptops-cols_inherit tablets-cols_inherit mobiles-cols_1 valign_top type_default stacking_default\" style=\"--gap:3rem;\"><div class=\"wpb_column vc_column_container\"><div class=\"vc_column-inner\"><div class=\"wpb_text_column us_custom_492179a4 titulo-h2\"><div class=\"wpb_wrapper\"><h2>Fundador y Presidente<br \/>DE MABEL CAPITAL<\/h2>\n<\/div><\/div><div class=\"w-separator size_medium\"><\/div><div class=\"wpb_text_column us_custom_97adcf15\"><div class=\"wpb_wrapper\"><p>Manuel Campos Guallar es un financiero e inversor cuya trayectoria se ha consolidado en dos \u00e1mbitos principales: la hosteler\u00eda premium y el real estate de alto nivel.<\/p>\n<p>Formado en Derecho y Finanzas en el IEB de Madrid y con un MBA por la University of Chicago, inici\u00f3 su carrera profesional en la banca de inversi\u00f3n y banca privada, trabajando en Londres y Madrid. Esta etapa le permiti\u00f3 adquirir una s\u00f3lida base financiera y una visi\u00f3n internacional que m\u00e1s tarde trasladar\u00eda a sus propios proyectos empresariales.<\/p>\n<p>Hace m\u00e1s de una d\u00e9cada fund\u00f3 Mabel Capital, compa\u00f1\u00eda con la que se ha convertido en uno de los actores m\u00e1s influyentes en el desarrollo de experiencias \u00fanicas a trav\u00e9s de Mabel Hospitality, la divisi\u00f3n dedicada a restauraci\u00f3n y ocio, responsable de marcas como TATEL, TOT\u00d3, Casa Salesas o Vega Members Club. Bajo su liderazgo, estos conceptos han crecido m\u00e1s all\u00e1 de Espa\u00f1a, alcanzando mercados como Beverly Hills, Miami, Dub\u00e1i, Doha o Riad. Su propuesta combina gastronom\u00eda espa\u00f1ola y estilo mediterr\u00e1neo, con una cuidada puesta en escena y un enfoque internacional que ha llevado a sus restaurantes a convertirse en referentes del lifestyle espa\u00f1ol fuera del pa\u00eds.<\/p>\n<p>Adem\u00e1s, es uno de los promotores m\u00e1s influyentes en el segmento residencial de lujo en Espa\u00f1a. Su estrategia se ha centrado siempre en seleccionar ubicaciones excepcionales y desarrollar proyectos muy cuidados, colaborando con arquitectos y dise\u00f1adores de referencia para crear propiedades exclusivas, especialmente en Madrid, Marbella y Portugal. Su filosof\u00eda empresarial se basa en priorizar pocos proyectos, pero de calidad sobresaliente, con una fuerte orientaci\u00f3n al detalle y al dise\u00f1o.<\/p>\n<p>El empresario destaca por su apuesta por el dise\u00f1o, la arquitectura y la creaci\u00f3n de espacios con identidad, valores que aplica tanto en sus proyectos inmobiliarios como en sus locales de restauraci\u00f3n. Con una visi\u00f3n estrat\u00e9gica clara y una apuesta constante por la excelencia, se ha consolidado como una figura relevante en el desarrollo de experiencias premium, situando a Mabel Capital como uno de los grupos m\u00e1s influyentes en el cruce entre lujo, gastronom\u00eda y estilo de vida.<\/p>\n<\/div><\/div><\/div><\/div><\/div><div class=\"w-separator size_large\"><\/div><\/div><\/div><\/div><\/div><\/section>\n","protected":false},"excerpt":{"rendered":"MANUEL CAMPOS GUALLAR Fundador y PresidenteDE MABEL CAPITAL Manuel Campos Guallar es un financiero e inversor cuya trayectoria se ha consolidado en dos \u00e1mbitos principales: la hosteler\u00eda premium y el real estate de alto nivel. Formado en Derecho y Finanzas en el IEB de Madrid y con un MBA por la University of Chicago, inici\u00f3...","protected":false},"author":1,"featured_media":9790,"parent":0,"menu_order":0,"comment_status":"closed","ping_status":"closed","template":"","meta":{"_acf_changed":false,"footnotes":""},"class_list":["post-9788","page","type-page","status-publish","has-post-thumbnail","hentry"],"acf":[],"yoast_head":"<!-- This site is optimized with the Yoast SEO plugin v27.2 - https:\/\/yoast.com\/product\/yoast-seo-wordpress\/ -->\n<title>Manuel Campos Guallar | Mabel Capital<\/title>\n<meta name=\"description\" content=\"Manuel Campos Guallar is a Spanish financier and investor, and the Founder and Chairman of Mabel Capital, a private investment company based in Madrid, active across real estate, hospitality, hotels, and private equity.\" \/>\n<meta name=\"robots\" content=\"noindex, follow, max-snippet:-1, max-image-preview:large, max-video-preview:-1\" \/>\n<meta property=\"og:locale\" content=\"es_ES\" \/>\n<meta property=\"og:type\" content=\"article\" \/>\n<meta property=\"og:title\" content=\"Manuel Campos Guallar | Mabel Capital\" \/>\n<meta property=\"og:description\" content=\"Manuel Campos Guallar is a Spanish financier and investor, and the Founder and Chairman of Mabel Capital, a private investment company based in Madrid, active across real estate, hospitality, hotels, and private equity.\" \/>\n<meta property=\"og:url\" content=\"http:\/\/mabelcapital.ddoers.com\/es\/manuel-campos-guallar\/\" \/>\n<meta property=\"og:site_name\" content=\"Mabel Capital\" \/>\n<meta property=\"article:modified_time\" content=\"2026-03-27T10:00:51+00:00\" \/>\n<meta property=\"og:image\" content=\"http:\/\/mabelcapital.ddoers.com\/wp-content\/uploads\/2026\/03\/MabelCapital-Manuel-Campos-foto.jpg\" \/>\n\t<meta property=\"og:image:width\" content=\"1920\" \/>\n\t<meta property=\"og:image:height\" content=\"1119\" \/>\n\t<meta property=\"og:image:type\" content=\"image\/jpeg\" \/>\n<meta name=\"twitter:card\" content=\"summary_large_image\" \/>\n<meta name=\"twitter:label1\" content=\"Tiempo de lectura\" \/>\n\t<meta name=\"twitter:data1\" content=\"4 minutos\" \/>\n<script type=\"application\/ld+json\" class=\"yoast-schema-graph\">{\"@context\":\"https:\/\/schema.org\",\"@graph\":[{\"@type\":\"WebPage\",\"@id\":\"http:\/\/mabelcapital.ddoers.com\/es\/manuel-campos-guallar\/\",\"url\":\"http:\/\/mabelcapital.ddoers.com\/es\/manuel-campos-guallar\/\",\"name\":\"Manuel Campos Guallar | Mabel Capital\",\"isPartOf\":{\"@id\":\"http:\/\/mabelcapital.ddoers.com\/es\/#website\"},\"primaryImageOfPage\":{\"@id\":\"http:\/\/mabelcapital.ddoers.com\/es\/manuel-campos-guallar\/#primaryimage\"},\"image\":{\"@id\":\"http:\/\/mabelcapital.ddoers.com\/es\/manuel-campos-guallar\/#primaryimage\"},\"thumbnailUrl\":\"http:\/\/mabelcapital.ddoers.com\/wp-content\/uploads\/2026\/03\/MabelCapital-Manuel-Campos-foto.jpg\",\"datePublished\":\"2026-03-23T13:00:05+00:00\",\"dateModified\":\"2026-03-27T10:00:51+00:00\",\"description\":\"Manuel Campos Guallar is a Spanish financier and investor, and the Founder and Chairman of Mabel Capital, a private investment company based in Madrid, active across real estate, hospitality, hotels, and private equity.\",\"breadcrumb\":{\"@id\":\"http:\/\/mabelcapital.ddoers.com\/es\/manuel-campos-guallar\/#breadcrumb\"},\"inLanguage\":\"es\",\"potentialAction\":[{\"@type\":\"ReadAction\",\"target\":[\"http:\/\/mabelcapital.ddoers.com\/es\/manuel-campos-guallar\/\"]}]},{\"@type\":\"ImageObject\",\"inLanguage\":\"es\",\"@id\":\"http:\/\/mabelcapital.ddoers.com\/es\/manuel-campos-guallar\/#primaryimage\",\"url\":\"http:\/\/mabelcapital.ddoers.com\/wp-content\/uploads\/2026\/03\/MabelCapital-Manuel-Campos-foto.jpg\",\"contentUrl\":\"http:\/\/mabelcapital.ddoers.com\/wp-content\/uploads\/2026\/03\/MabelCapital-Manuel-Campos-foto.jpg\",\"width\":1920,\"height\":1119},{\"@type\":\"BreadcrumbList\",\"@id\":\"http:\/\/mabelcapital.ddoers.com\/es\/manuel-campos-guallar\/#breadcrumb\",\"itemListElement\":[{\"@type\":\"ListItem\",\"position\":1,\"name\":\"Portada\",\"item\":\"http:\/\/mabelcapital.ddoers.com\/es\/\"},{\"@type\":\"ListItem\",\"position\":2,\"name\":\"Manuel Campos Guallar\"}]},{\"@type\":\"WebSite\",\"@id\":\"http:\/\/mabelcapital.ddoers.com\/es\/#website\",\"url\":\"http:\/\/mabelcapital.ddoers.com\/es\/\",\"name\":\"Mabel Capital\",\"description\":\"\",\"potentialAction\":[{\"@type\":\"SearchAction\",\"target\":{\"@type\":\"EntryPoint\",\"urlTemplate\":\"http:\/\/mabelcapital.ddoers.com\/es\/?s={search_term_string}\"},\"query-input\":{\"@type\":\"PropertyValueSpecification\",\"valueRequired\":true,\"valueName\":\"search_term_string\"}}],\"inLanguage\":\"es\"}]}<\/script>\n<!-- \/ Yoast SEO plugin. -->","yoast_head_json":{"title":"Manuel Campos Guallar | Mabel Capital","description":"Manuel Campos Guallar is a Spanish financier and investor, and the Founder and Chairman of Mabel Capital, a private investment company based in Madrid, active across real estate, hospitality, hotels, and private equity.","robots":{"index":"noindex","follow":"follow","max-snippet":"max-snippet:-1","max-image-preview":"max-image-preview:large","max-video-preview":"max-video-preview:-1"},"og_locale":"es_ES","og_type":"article","og_title":"Manuel Campos Guallar | Mabel Capital","og_description":"Manuel Campos Guallar is a Spanish financier and investor, and the Founder and Chairman of Mabel Capital, a private investment company based in Madrid, active across real estate, hospitality, hotels, and private equity.","og_url":"http:\/\/mabelcapital.ddoers.com\/es\/manuel-campos-guallar\/","og_site_name":"Mabel Capital","article_modified_time":"2026-03-27T10:00:51+00:00","og_image":[{"width":1920,"height":1119,"url":"http:\/\/mabelcapital.ddoers.com\/wp-content\/uploads\/2026\/03\/MabelCapital-Manuel-Campos-foto.jpg","type":"image\/jpeg"}],"twitter_card":"summary_large_image","twitter_misc":{"Tiempo de lectura":"4 minutos"},"schema":{"@context":"https:\/\/schema.org","@graph":[{"@type":"WebPage","@id":"http:\/\/mabelcapital.ddoers.com\/es\/manuel-campos-guallar\/","url":"http:\/\/mabelcapital.ddoers.com\/es\/manuel-campos-guallar\/","name":"Manuel Campos Guallar | Mabel Capital","isPartOf":{"@id":"http:\/\/mabelcapital.ddoers.com\/es\/#website"},"primaryImageOfPage":{"@id":"http:\/\/mabelcapital.ddoers.com\/es\/manuel-campos-guallar\/#primaryimage"},"image":{"@id":"http:\/\/mabelcapital.ddoers.com\/es\/manuel-campos-guallar\/#primaryimage"},"thumbnailUrl":"http:\/\/mabelcapital.ddoers.com\/wp-content\/uploads\/2026\/03\/MabelCapital-Manuel-Campos-foto.jpg","datePublished":"2026-03-23T13:00:05+00:00","dateModified":"2026-03-27T10:00:51+00:00","description":"Manuel Campos Guallar is a Spanish financier and investor, and the Founder and Chairman of Mabel Capital, a private investment company based in Madrid, active across real estate, hospitality, hotels, and private equity.","breadcrumb":{"@id":"http:\/\/mabelcapital.ddoers.com\/es\/manuel-campos-guallar\/#breadcrumb"},"inLanguage":"es","potentialAction":[{"@type":"ReadAction","target":["http:\/\/mabelcapital.ddoers.com\/es\/manuel-campos-guallar\/"]}]},{"@type":"ImageObject","inLanguage":"es","@id":"http:\/\/mabelcapital.ddoers.com\/es\/manuel-campos-guallar\/#primaryimage","url":"http:\/\/mabelcapital.ddoers.com\/wp-content\/uploads\/2026\/03\/MabelCapital-Manuel-Campos-foto.jpg","contentUrl":"http:\/\/mabelcapital.ddoers.com\/wp-content\/uploads\/2026\/03\/MabelCapital-Manuel-Campos-foto.jpg","width":1920,"height":1119},{"@type":"BreadcrumbList","@id":"http:\/\/mabelcapital.ddoers.com\/es\/manuel-campos-guallar\/#breadcrumb","itemListElement":[{"@type":"ListItem","position":1,"name":"Portada","item":"http:\/\/mabelcapital.ddoers.com\/es\/"},{"@type":"ListItem","position":2,"name":"Manuel Campos Guallar"}]},{"@type":"WebSite","@id":"http:\/\/mabelcapital.ddoers.com\/es\/#website","url":"http:\/\/mabelcapital.ddoers.com\/es\/","name":"Mabel Capital","description":"","potentialAction":[{"@type":"SearchAction","target":{"@type":"EntryPoint","urlTemplate":"http:\/\/mabelcapital.ddoers.com\/es\/?s={search_term_string}"},"query-input":{"@type":"PropertyValueSpecification","valueRequired":true,"valueName":"search_term_string"}}],"inLanguage":"es"}]}},"_links":{"self":[{"href":"http:\/\/mabelcapital.ddoers.com\/es\/wp-json\/wp\/v2\/pages\/9788","targetHints":{"allow":["GET"]}}],"collection":[{"href":"http:\/\/mabelcapital.ddoers.com\/es\/wp-json\/wp\/v2\/pages"}],"about":[{"href":"http:\/\/mabelcapital.ddoers.com\/es\/wp-json\/wp\/v2\/types\/page"}],"author":[{"embeddable":true,"href":"http:\/\/mabelcapital.ddoers.com\/es\/wp-json\/wp\/v2\/users\/1"}],"replies":[{"embeddable":true,"href":"http:\/\/mabelcapital.ddoers.com\/es\/wp-json\/wp\/v2\/comments?post=9788"}],"version-history":[{"count":2,"href":"http:\/\/mabelcapital.ddoers.com\/es\/wp-json\/wp\/v2\/pages\/9788\/revisions"}],"predecessor-version":[{"id":9792,"href":"http:\/\/mabelcapital.ddoers.com\/es\/wp-json\/wp\/v2\/pages\/9788\/revisions\/9792"}],"wp:featuredmedia":[{"embeddable":true,"href":"http:\/\/mabelcapital.ddoers.com\/es\/wp-json\/wp\/v2\/media\/9790"}],"wp:attachment":[{"href":"http:\/\/mabelcapital.ddoers.com\/es\/wp-json\/wp\/v2\/media?parent=9788"}],"curies":[{"name":"wp","href":"https:\/\/api.w.org\/{rel}","templated":true}]}}